{"id":3720,"date":"2020-05-11T13:37:25","date_gmt":"2020-05-11T11:37:25","guid":{"rendered":"https:\/\/portoveneziano.gr\/covid-19-information-update\/"},"modified":"2022-03-08T22:02:54","modified_gmt":"2022-03-08T20:02:54","slug":"covid-19-information-update","status":"publish","type":"page","link":"https:\/\/portoveneziano.gr\/it\/covid-19-information-update\/","title":{"rendered":"AVVISO COVID-19"},"content":{"rendered":"<p>[vc_row][vc_column][vc_single_image image=&#8221;3646&#8243; img_size=&#8221;600&#215;369&#8243; alignment=&#8221;center&#8221; onclick=&#8221;custom_link&#8221; img_link_target=&#8221;_blank&#8221; link=&#8221;http:\/\/www.mintour.gov.gr\/PressRoom\/News\/health-protocols-for-tourism-businesses&#8221;][\/vc_column][\/vc_row][vc_row][vc_column][vc_column_text]Gentili ospiti,<\/p>\n<p>L\u2019albergo Porto Veneziano e il nostro personale sono pronti per ospitarvi nella bella citt\u00e0 di Chania, seguendo tutti i protocolli sanitari e di sicurezza, e sempre con la loro ospitalit\u00e0 che ci distingue!<\/p>\n<p>&nbsp;<\/p>\n<p><strong>Vorremmo avvisarvi che a decreto del governo Greco, l\u2019uso della mascherina \u00e8 obbligatorio in tutti i luoghi interni.<\/strong><\/p>\n<p>&nbsp;<\/p>\n<p><strong>Informazioni per il vostro soggiorno<\/strong><\/p>\n<p>Assicuriamo sempre ai nostri ospiti di seguire uno standard di igiene e sicurezza di ottimo livello e seguiamo tutte le istruzioni del governo, dell\u2019Unione Europea, e dell\u2019Istituto Superiore di Sanit\u00e0 Greco per:<\/p>\n<p>\u2022 Ospitarvi in un ambiente sicuro con procedure senza contatto durante l\u2019arrivo (check in) e la partenza (check out).<\/p>\n<p>\u2022 Le nostre camere e i luoghi comuni vengono pulite e disinfettate meticolosamente seguendo il Protocollo di Sanit\u00e0 ufficiale per gli alberghi.<\/p>\n<p>\u2022 Il nostro personale \u00e8 qualificato all\u2019uso dell\u2019attrezzatura protettiva, all\u2019uso corretto degli attrezzi e materiali che sono usati, a seguire i protocolli e le procedure corrette per l\u2019igiene e la disinfettazione nei luoghi di ricevimento, le sale ristorante e le camere e suite del nostro albergo.<\/p>\n<p>\u2022 Abbiamo adeguato propriamente il nostro ristorante e il Caff\u00e8-Bar per darvi le distanze necessarie.<\/p>\n<p>\u2022 Il nostro personale tiene sempre le distanze e suggeriamo lo stesso per i nostri ospiti.<\/p>\n<p>\u2022 Abbiamo procurato disinfettanti per le mani per tutti i luoghi importanti dell\u2019albergo.<\/p>\n<p>\u2022 Vi consigliamo di usare l\u2019ascensore una persona alla volta, o in pi\u00f9 solo quando abitate nella stessa camera.<\/p>\n<p>\u2022 Appena arrivati, vi aggiorneremo sul nostro <a href=\"https:\/\/portoveneziano.gr\/menu-breakfast-en\/\">menu per la colazione<\/a>, che adesso \u00e8 disponibile su richiesta (\u00e0 la carte). Non mancher\u00e0 nulla dai vostri piatti preferiti, le delicatezze Cretesi che mangiavate fino a ora nel nostro buffet. Conserviamo ancora la certificazione \u201cGreek Breakfast\u201d e applichiamo tutte le regole per la gestione dell\u2019igiene e della sicurezza dei prodotti, seguendo i criteri ISO 22000:2018 (HACCP).<\/p>\n<p>\u2022 Da adesso, potete mangiare pranzo e cena al nostro albergo. Troverete insalate, spuntini, primi e secondi piatti e dolci nel nostro nuovo <a href=\"https:\/\/portoveneziano.gr\/menu-alacarte\/\">menu<\/a>. Potete provare i nostri piatti nel ristorante, Caff\u00e8-Bar o nella vostra camera, dalle 14:00 alle 22:30.<\/p>\n<p>\u2022 Per motivi di sicurezza, \u00e8 vietato il consumo di cibo portato da fuori (a esporto o delivery), e sono anche vietate le visite nelle camere da persone che non alloggiano all\u2019albergo.<\/p>\n<p>\u2022 Il nostro albergo puliva le camere ogni giorno. I nuovi regolamenti decretano \u2018la pulizia non frequente delle camere durante il soggiorno [&#8230;] tranne se espressamente richiesta dall\u2019ospite.\u2019 Vi chiediamo cordialmente di avvisare la Reception al vostro arrivo per comunicare la frequenza di pulizia desiderata.<\/p>\n<p>\u2022 L\u2019ora di arrivo (check in) sono le <strong>15:00<\/strong> e l\u2019ora di partenza sono le <strong>11:00<\/strong>.<\/p>\n<p>\u2022 La partenza pu\u00f2 avvenire dopo le 11:00 e fino alle 18:00 solamente dopo un accordo con la Reception. Dipende dalla disponibilit\u00e0 e costa 50% del valore di una notte.<\/p>\n<p>\u2022 Tutte le nostre camere e i luoghi comuni sono per non fumatori. Fumare \u00e8 solo permesso nei balconi delle camere e nei luoghi comuni esterni.<\/p>\n<p>\u2022 Potete parcheggiare la vostra macchina gratis nel Parcheggio Self-Service (8 posti) o a pagamento nel parcheggio comunale (100 posti) situato molto vicino all\u2019albergo.<\/p>\n<p>\u2022 Gli animali domestici non sono permessi nell\u2019albergo.<\/p>\n<p><strong>Politica versatile per le prenotazioni<\/strong><\/p>\n<p>Data questa situazione difficile, vogliamo ringraziarvi per aver scelto Porto Veneziano e avvisarvi che tutte le nuove prenotazioni fatte direttamente da noi possono essere cancellate gratis fino a 48 ore prima del vostro arrivo. Basta <strong> <a href=\"https:\/\/portoveneziano.reserve-online.net\/\" target=\"_blank\" rel=\"noopener noreferrer\">cliccare qui<\/a><\/strong> o chiamarci a +30 28210 27100 o mandarci una mail su <a href=\"mailto:hotel@portoveneziano.gr\" target=\"_blank\" rel=\"noopener noreferrer\"><strong>hotel@portoveneziano.gr<\/strong><\/a><\/p>\n<p><strong>Il nostro obbiettivo<\/strong><\/p>\n<p>Il nostro obbiettivo rimane il darvi servizi di livelli eccellenti che seguono tutte le nuove regole d\u2019igiene e sicurezza, esattamente come disposti dagli enti nazionali degli Istituti di Sanit\u00e0.<\/p>\n<p>Rimanete al sicuro scegliendo un soggiorno sicuro!<\/p>\n<p>L\u2019amministrazione e il personale di Porto Veneziano![\/vc_column_text][\/vc_column][\/vc_row]<\/p>\n","protected":false},"excerpt":{"rendered":"<p>[vc_row][vc_column][vc_single_image image=&#8221;3646&#8243; img_size=&#8221;600&#215;369&#8243; alignment=&#8221;center&#8221; onclick=&#8221;custom_link&#8221; img_link_target=&#8221;_blank&#8221; link=&#8221;http:\/\/www.mintour.gov.gr\/PressRoom\/News\/health-protocols-for-tourism-businesses&#8221;][\/vc_column][\/vc_row][vc_row][vc_column][vc_column_text]Gentili ospiti, L\u2019albergo Porto Veneziano e il nostro personale sono pronti per ospitarvi nella bella citt\u00e0 di Chania, seguendo tutti i protocolli sanitari e di sicurezza, e sempre con la loro ospitalit\u00e0 che ci distingue! &nbsp; Vorremmo avvisarvi che a decreto del governo Greco, l\u2019uso della mascherina \u00e8 obbligatorio&#8230;<\/p>\n","protected":false},"author":17,"featured_media":3330,"parent":0,"menu_order":0,"comment_status":"closed","ping_status":"closed","template":"","meta":{"_uag_custom_page_level_css":"","footnotes":""},"class_list":["post-3720","page","type-page","status-publish","has-post-thumbnail","hentry"],"uagb_featured_image_src":{"full":["https:\/\/portoveneziano.gr\/wp-content\/uploads\/2020\/01\/VIEWS_1.jpg",1920,1441,false],"thumbnail":["https:\/\/portoveneziano.gr\/wp-content\/uploads\/2020\/01\/VIEWS_1-150x150.jpg",150,150,true],"medium":["https:\/\/portoveneziano.gr\/wp-content\/uploads\/2020\/01\/VIEWS_1-300x225.jpg",300,225,true],"medium_large":["https:\/\/portoveneziano.gr\/wp-content\/uploads\/2020\/01\/VIEWS_1-768x576.jpg",768,576,true],"large":["https:\/\/portoveneziano.gr\/wp-content\/uploads\/2020\/01\/VIEWS_1-1024x769.jpg",1024,769,true],"1536x1536":["https:\/\/portoveneziano.gr\/wp-content\/uploads\/2020\/01\/VIEWS_1.jpg",1536,1153,false],"2048x2048":["https:\/\/portoveneziano.gr\/wp-content\/uploads\/2020\/01\/VIEWS_1.jpg",1920,1441,false],"post-thumbnail":["https:\/\/portoveneziano.gr\/wp-content\/uploads\/2020\/01\/VIEWS_1-825x510.jpg",825,510,true],"room-gallery":["https:\/\/portoveneziano.gr\/wp-content\/uploads\/2020\/01\/VIEWS_1-480x320.jpg",480,320,true],"post-preview":["https:\/\/portoveneziano.gr\/wp-content\/uploads\/2020\/01\/VIEWS_1-960x750.jpg",960,750,true],"slider-wel":["https:\/\/portoveneziano.gr\/wp-content\/uploads\/2020\/01\/VIEWS_1-530x790.jpg",530,790,true],"bg-wel":["https:\/\/portoveneziano.gr\/wp-content\/uploads\/2020\/01\/VIEWS_1-880x1100.jpg",880,1100,true],"slider-sec-2":["https:\/\/portoveneziano.gr\/wp-content\/uploads\/2020\/01\/VIEWS_1-880x585.jpg",880,585,true],"gform-image-choice-sm":["https:\/\/portoveneziano.gr\/wp-content\/uploads\/2020\/01\/VIEWS_1.jpg",300,225,false],"gform-image-choice-md":["https:\/\/portoveneziano.gr\/wp-content\/uploads\/2020\/01\/VIEWS_1.jpg",400,300,false],"gform-image-choice-lg":["https:\/\/portoveneziano.gr\/wp-content\/uploads\/2020\/01\/VIEWS_1.jpg",600,450,false]},"uagb_author_info":{"display_name":"Porto Veneziano Hotel","author_link":"https:\/\/portoveneziano.gr\/it\/author\/g-koutsopoulosabouthotelier-com\/"},"uagb_comment_info":0,"uagb_excerpt":"[vc_row][vc_column][vc_single_image image=&#8221;3646&#8243; img_size=&#8221;600&#215;369&#8243; alignment=&#8221;center&#8221; onclick=&#8221;custom_link&#8221; img_link_target=&#8221;_blank&#8221; link=&#8221;http:\/\/www.mintour.gov.gr\/PressRoom\/News\/health-protocols-for-tourism-businesses&#8221;][\/vc_column][\/vc_row][vc_row][vc_column][vc_column_text]Gentili ospiti, L\u2019albergo Porto Veneziano e il nostro personale sono pronti per ospitarvi nella bella citt\u00e0 di Chania, seguendo tutti i protocolli sanitari e di sicurezza, e sempre con la loro ospitalit\u00e0 che ci distingue! &nbsp; Vorremmo avvisarvi che a decreto del governo Greco, l\u2019uso della mascherina \u00e8 obbligatorio...","_links":{"self":[{"href":"https:\/\/portoveneziano.gr\/it\/wp-json\/wp\/v2\/pages\/3720"}],"collection":[{"href":"https:\/\/portoveneziano.gr\/it\/wp-json\/wp\/v2\/pages"}],"about":[{"href":"https:\/\/portoveneziano.gr\/it\/wp-json\/wp\/v2\/types\/page"}],"author":[{"embeddable":true,"href":"https:\/\/portoveneziano.gr\/it\/wp-json\/wp\/v2\/users\/17"}],"replies":[{"embeddable":true,"href":"https:\/\/portoveneziano.gr\/it\/wp-json\/wp\/v2\/comments?post=3720"}],"version-history":[{"count":10,"href":"https:\/\/portoveneziano.gr\/it\/wp-json\/wp\/v2\/pages\/3720\/revisions"}],"predecessor-version":[{"id":6767,"href":"https:\/\/portoveneziano.gr\/it\/wp-json\/wp\/v2\/pages\/3720\/revisions\/6767"}],"wp:featuredmedia":[{"embeddable":true,"href":"https:\/\/portoveneziano.gr\/it\/wp-json\/wp\/v2\/media\/3330"}],"wp:attachment":[{"href":"https:\/\/portoveneziano.gr\/it\/wp-json\/wp\/v2\/media?parent=3720"}],"curies":[{"name":"wp","href":"https:\/\/api.w.org\/{rel}","templated":true}]}}