{"id":3717,"date":"2019-07-19T08:47:26","date_gmt":"2019-07-19T06:47:26","guid":{"rendered":"https:\/\/portoveneziano.gr\/frequently-asked-questions-chania-crete\/"},"modified":"2021-04-09T10:54:38","modified_gmt":"2021-04-09T08:54:38","slug":"frequently-asked-questions-chania-crete","status":"publish","type":"page","link":"https:\/\/portoveneziano.gr\/it\/frequently-asked-questions-chania-crete\/","title":{"rendered":"DOMANDE FREQUENTI"},"content":{"rendered":"<p>[vc_row][vc_column][vc_tta_accordion][vc_tta_section title=&#8221;Perch\u00e9 dovrei scegliere l\u2019albergo Porto Veneziano per il mio soggiorno a Chania?&#8221; tab_id=&#8221;1563517970136-343bfcfb-fdea&#8221;][vc_column_text]L\u2019albergo Porto Veneziano \u00e8 la scelta migliore per le vacanze a Chania. Si trova nel Vecchio Porto Veneziano e ha delle viste eccellenti. Ha 51 camere e 6 suite. All\u2019albergo si pu\u00f2 mangiare una colazione Greca ricca, basata su ricette tradizionali Cretesi. La posizione dell\u2019albergo assicura un facile accesso a tutti i luoghi d\u2019interesse della citt\u00e0[\/vc_column_text][\/vc_tta_section][vc_tta_section title=&#8221;Si pu\u00f2 fare la colazione all\u2019albergo Porto Veneziano?&#8221; tab_id=&#8221;1563517970160-d6c99580-92b6&#8243;][vc_column_text]Certamente! Il nostro albergo offre una colazione Greca completa, con grande scelta tra piatti dolci e salati, succhi di frutta e frutta fresca. Ogni giorno prepariamo ricette Cretesi usando ingredienti puri e locali.<\/p>\n<p><a href=\"https:\/\/portoveneziano.gr\/it\/breakfast-chania-crete\/\">Vedi il nostro menu in dettaglio.<\/a>[\/vc_column_text][\/vc_tta_section][vc_tta_section title=&#8221;\u00c8 adatto l\u2019albergo Porto Veneziano per vacanze romantiche a Chania?&#8221; tab_id=&#8221;1563518344652-4bd5c33d-7bf6&#8243;][vc_column_text]Porto Veneziano \u00e8 la scelta ideale per vacanze romantiche a Chania. Le nostre suite hanno tutto quello che ti serve e il nostro personale sar\u00e0 felice a prendersi cura di tutti i dettagli. Se stai viaggiando a Chania per la luna di miele, possiamo preparare il decoro della camera a seguito dei tuoi suggerimenti.<\/p>\n<p><a href=\"https:\/\/portoveneziano.gr\/it\/accommodation-chania-crete\/\">Vedi qui le nostre camere e suite e scegli quella che ti va meglio.<\/a>[\/vc_column_text][\/vc_tta_section][vc_tta_section title=&#8221;Come arrivo a Chania?&#8221; tab_id=&#8221;1563518386510-b729193f-5c4a&#8221;][vc_column_text]Chania ha un porto e un aeroporto, ed \u00e8 quindi facile arrivarci se ti trovi fuori Creta. Per chi si trova di gi\u00e0 sull\u2019isola, pu\u00f2 raggiungerci facilmente con la macchina o in autobus. L\u2019autobus nazionale ha molti percorsi ogni giorno da\/a tutte le grandi citt\u00e0 di Creta.[\/vc_column_text][\/vc_tta_section][vc_tta_section title=&#8221;Quando posso fare Check-In \/ Check-Out a Porto Veneziano?&#8221; tab_id=&#8221;1563518525438-00b0c362-bdba&#8221;][vc_column_text]Il Check-In all\u2019albergo Porto Veneziano si pu\u00f2 fare dopo le 15:00 e il Check-Out fino alle 11:00. Contattaci e ti daremo pi\u00f9 informazioni per le ore di arrivo e partenza del nostro albergo.[\/vc_column_text][\/vc_tta_section][vc_tta_section title=&#8221;Quali spiagge devo visitare a Chania?&#8221; tab_id=&#8221;1563518551614-de1ee8fc-1a6f&#8221;][vc_column_text]Chania ha alcune delle spiagge pi\u00f9 famose e pi\u00f9 belle di Creta! Alcune sono attrezzate e altre no, per\u00f2 hanno tutte un mare azzurro da morire. Elafonisi, Mpalos, Falasarna e molte ancora ti daranno esperienze uniche.<\/p>\n<p><a href=\"https:\/\/portoveneziano.gr\/it\/beaches-chania-crete\/\">Vedi a quali spiagge ti consigliamo di andare a Chania.<\/a>[\/vc_column_text][\/vc_tta_section][vc_tta_section title=&#8221;Che attivit\u00e0 mi consigliereste di fare a Chania?&#8221; tab_id=&#8221;1563518727647-cee22476-17ef&#8221;][vc_column_text]Chania \u00e8 una delle pi\u00f9 belle e interessanti destinazioni della Grecia. Visita la citt\u00e0 vecchia, assaggia la cucina locale, goditi la ricca vita notturna. E certamente approfittati del suo patrimonio naturale! Le famose gole di Chania sono mozzafiato!<\/p>\n<p><a href=\"https:\/\/portoveneziano.gr\/it\/experiences-chania-crete\/\">Scopri tutti i dettagli sulle nostre attivit\u00e0 favorite a Chania.<\/a>[\/vc_column_text][\/vc_tta_section][vc_tta_section title=&#8221;Quali monumenti dovrei visitare a Chania?&#8221; tab_id=&#8221;1563518778172-1282f6c8-1f48&#8243;][vc_column_text]Chania \u00e8 piena di cultura! \u00c8 una citt\u00e0 con una storia magnifica che vale la pena scoprire. Ha molti musei, chiese, monasteri e luoghi archeologici che devi visitare. E certamente se hai tempo, il resto di Creta ti aspetta. Ogni regione \u00e8 magnifica a suo modo.<\/p>\n<p><a href=\"https:\/\/portoveneziano.gr\/it\/chania-crete\/\">Chania ti aspetta!<\/a>[\/vc_column_text][\/vc_tta_section][vc_tta_section title=&#8221;\u00c8 adatto l\u2019albergo Porto Veneziano per un viaggio di lavoro a Chania?&#8221; tab_id=&#8221;1576077589214-67a53044-38fc&#8221;][vc_column_text]Porto Veneziano \u00e8 perfetto per ospiti che si trovano a Chania per lavoro. La nostra reception offre servizi per professionisti che ti aiuteranno durante il tuo soggiorno.<\/p>\n<p><a href=\"https:\/\/portoveneziano.gr\/it\/services-chania-crete\/\">Vedi qui tutti i nostri servizi.<\/a>[\/vc_column_text][\/vc_tta_section][\/vc_tta_accordion][\/vc_column][\/vc_row][vc_row][vc_column][vc_empty_space][\/vc_column][\/vc_row]<\/p>\n","protected":false},"excerpt":{"rendered":"<p>[vc_row][vc_column][vc_tta_accordion][vc_tta_section title=&#8221;Perch\u00e9 dovrei scegliere l\u2019albergo Porto Veneziano per il mio soggiorno a Chania?&#8221; tab_id=&#8221;1563517970136-343bfcfb-fdea&#8221;][vc_column_text]L\u2019albergo Porto Veneziano \u00e8 la scelta migliore per le vacanze a Chania. Si trova nel Vecchio Porto Veneziano e ha delle viste eccellenti. Ha 51 camere e 6 suite. All\u2019albergo si pu\u00f2 mangiare una colazione Greca ricca, basata su ricette tradizionali Cretesi&#8230;.<\/p>\n","protected":false},"author":17,"featured_media":3511,"parent":0,"menu_order":0,"comment_status":"closed","ping_status":"closed","template":"","meta":{"_uag_custom_page_level_css":"","footnotes":""},"class_list":["post-3717","page","type-page","status-publish","has-post-thumbnail","hentry"],"uagb_featured_image_src":{"full":["https:\/\/portoveneziano.gr\/wp-content\/uploads\/2019\/12\/DETAILS_3.jpg",1920,1347,false],"thumbnail":["https:\/\/portoveneziano.gr\/wp-content\/uploads\/2019\/12\/DETAILS_3-150x150.jpg",150,150,true],"medium":["https:\/\/portoveneziano.gr\/wp-content\/uploads\/2019\/12\/DETAILS_3-300x210.jpg",300,210,true],"medium_large":["https:\/\/portoveneziano.gr\/wp-content\/uploads\/2019\/12\/DETAILS_3-768x539.jpg",768,539,true],"large":["https:\/\/portoveneziano.gr\/wp-content\/uploads\/2019\/12\/DETAILS_3-1024x718.jpg",1024,718,true],"1536x1536":["https:\/\/portoveneziano.gr\/wp-content\/uploads\/2019\/12\/DETAILS_3.jpg",1536,1078,false],"2048x2048":["https:\/\/portoveneziano.gr\/wp-content\/uploads\/2019\/12\/DETAILS_3.jpg",1920,1347,false],"post-thumbnail":["https:\/\/portoveneziano.gr\/wp-content\/uploads\/2019\/12\/DETAILS_3-825x510.jpg",825,510,true],"room-gallery":["https:\/\/portoveneziano.gr\/wp-content\/uploads\/2019\/12\/DETAILS_3-480x320.jpg",480,320,true],"post-preview":["https:\/\/portoveneziano.gr\/wp-content\/uploads\/2019\/12\/DETAILS_3-960x750.jpg",960,750,true],"slider-wel":["https:\/\/portoveneziano.gr\/wp-content\/uploads\/2019\/12\/DETAILS_3-530x790.jpg",530,790,true],"bg-wel":["https:\/\/portoveneziano.gr\/wp-content\/uploads\/2019\/12\/DETAILS_3-880x1100.jpg",880,1100,true],"slider-sec-2":["https:\/\/portoveneziano.gr\/wp-content\/uploads\/2019\/12\/DETAILS_3-880x585.jpg",880,585,true],"gform-image-choice-sm":["https:\/\/portoveneziano.gr\/wp-content\/uploads\/2019\/12\/DETAILS_3.jpg",300,210,false],"gform-image-choice-md":["https:\/\/portoveneziano.gr\/wp-content\/uploads\/2019\/12\/DETAILS_3.jpg",400,281,false],"gform-image-choice-lg":["https:\/\/portoveneziano.gr\/wp-content\/uploads\/2019\/12\/DETAILS_3.jpg",600,421,false]},"uagb_author_info":{"display_name":"Porto Veneziano Hotel","author_link":"https:\/\/portoveneziano.gr\/it\/author\/g-koutsopoulosabouthotelier-com\/"},"uagb_comment_info":0,"uagb_excerpt":"[vc_row][vc_column][vc_tta_accordion][vc_tta_section title=&#8221;Perch\u00e9 dovrei scegliere l\u2019albergo Porto Veneziano per il mio soggiorno a Chania?&#8221; tab_id=&#8221;1563517970136-343bfcfb-fdea&#8221;][vc_column_text]L\u2019albergo Porto Veneziano \u00e8 la scelta migliore per le vacanze a Chania. Si trova nel Vecchio Porto Veneziano e ha delle viste eccellenti. Ha 51 camere e 6 suite. All\u2019albergo si pu\u00f2 mangiare una colazione Greca ricca, basata su ricette tradizionali Cretesi....","_links":{"self":[{"href":"https:\/\/portoveneziano.gr\/it\/wp-json\/wp\/v2\/pages\/3717"}],"collection":[{"href":"https:\/\/portoveneziano.gr\/it\/wp-json\/wp\/v2\/pages"}],"about":[{"href":"https:\/\/portoveneziano.gr\/it\/wp-json\/wp\/v2\/types\/page"}],"author":[{"embeddable":true,"href":"https:\/\/portoveneziano.gr\/it\/wp-json\/wp\/v2\/users\/17"}],"replies":[{"embeddable":true,"href":"https:\/\/portoveneziano.gr\/it\/wp-json\/wp\/v2\/comments?post=3717"}],"version-history":[{"count":4,"href":"https:\/\/portoveneziano.gr\/it\/wp-json\/wp\/v2\/pages\/3717\/revisions"}],"predecessor-version":[{"id":4090,"href":"https:\/\/portoveneziano.gr\/it\/wp-json\/wp\/v2\/pages\/3717\/revisions\/4090"}],"wp:featuredmedia":[{"embeddable":true,"href":"https:\/\/portoveneziano.gr\/it\/wp-json\/wp\/v2\/media\/3511"}],"wp:attachment":[{"href":"https:\/\/portoveneziano.gr\/it\/wp-json\/wp\/v2\/media?parent=3717"}],"curies":[{"name":"wp","href":"https:\/\/api.w.org\/{rel}","templated":true}]}}