{"id":3972,"date":"2019-07-19T08:47:26","date_gmt":"2019-07-19T06:47:26","guid":{"rendered":"https:\/\/portoveneziano.gr\/frequently-customer-questions-2\/"},"modified":"2021-04-12T15:43:17","modified_gmt":"2021-04-12T13:43:17","slug":"frequently-customer-questions-2","status":"publish","type":"page","link":"https:\/\/portoveneziano.gr\/fr\/frequently-customer-questions-2\/","title":{"rendered":"QUESTIONS FR\u00c9QUENTES"},"content":{"rendered":"<p>[vc_row][vc_column][vc_tta_accordion][vc_tta_section title=\u00a0\u00bbPourquoi choisir l&rsquo;h\u00f4tel Porto Veneziano pour mon s\u00e9jour \u00e0 La Can\u00e9e ?\u00a0\u00bb tab_id=\u00a0\u00bb1563517970136-343bfcfb-fdea\u00a0\u00bb][vc_column_text]L&rsquo;h\u00f4tel Porto Veneziano est le choix id\u00e9al pour des vacances \u00e0 La Can\u00e9e. Il est situ\u00e9 dans le vieux port v\u00e9nitien de la ville, offrant aux clients une vue magnifique. Il se compose de 51 chambres et 6 suites. L&rsquo;h\u00f4tel propose un copieux petit-d\u00e9jeuner grec bas\u00e9 sur des recettes traditionnelles cr\u00e9toises. L&#8217;emplacement de l&rsquo;h\u00f4tel garantit un acc\u00e8s facile \u00e0 tous les sites et points d&rsquo;int\u00e9r\u00eat de la ville.[\/vc_column_text][\/vc_tta_section][vc_tta_section title=\u00a0\u00bbY a-t-il un petit-d\u00e9jeuner \u00e0 Porto Veneziano ?\u00a0\u00bb tab_id=\u00a0\u00bb1563517970160-d6c99580-92b6&Prime;][vc_column_text]Bien s\u00fbr ! Dans notre h\u00f4tel, nous proposons un petit-d\u00e9jeuner grec complet certifi\u00e9, avec une grande vari\u00e9t\u00e9 de plats sucr\u00e9s et sal\u00e9s, de jus de fruits et de fruits. Nous \u00e9laborons quotidiennement des recettes de la cuisine cr\u00e9toise avec des ingr\u00e9dients locaux et purs.<\/p>\n<p><a href=\"https:\/\/portoveneziano.gr\/fr\/breakfast-chania-crete\/\">Voir en d\u00e9tail le menu de notre petit-d\u00e9jeuner.<\/a>[\/vc_column_text][\/vc_tta_section][vc_tta_section title=\u00a0\u00bbPorto Veneziano convient-il pour des vacances romantiques \u00e0 La Can\u00e9e ?\u00a0\u00bb tab_id=\u00a0\u00bb1563518344652-4bd5c33d-7bf6&Prime;][vc_column_text]Porto Veneziano est le choix id\u00e9al pour des vacances romantiques \u00e0 La Can\u00e9e. Nos suites r\u00e9pondront pleinement \u00e0 vos besoins et notre personnel se fera un plaisir de s&rsquo;occuper de tous les d\u00e9tails. Si vous voyagez \u00e0 La Can\u00e9e pour une lune de miel, nous pouvons organiser la d\u00e9coration de votre chambre apr\u00e8s consultation avec vous.<\/p>\n<p><a href=\"https:\/\/portoveneziano.gr\/fr\/accommodation-chania-crete\/\">D\u00e9couvrez ici nos chambres et suites et choisissez celle qui correspond \u00e0 vos besoins.<\/a>[\/vc_column_text][\/vc_tta_section][vc_tta_section title=\u00a0\u00bbComment vais-je arriver \u00e0 La Can\u00e9e ?\u00a0\u00bb tab_id=\u00a0\u00bb1563518386510-b729193f-5c4a\u00a0\u00bb][vc_column_text]La Can\u00e9e a un port et un a\u00e9roport, ce qui facilite votre acc\u00e8s \u00e0 la ville si vous \u00eates en dehors de la Cr\u00e8te. Mais pour les clients de l&rsquo;h\u00f4tel qui sont d\u00e9j\u00e0 sur l&rsquo;\u00eele, ils peuvent facilement rejoindre la ville en voiture ou en bus. Des itin\u00e9raires des op\u00e9rateurs priv\u00e9s fonctionnent tous les jours depuis \/ vers toutes les grandes villes de Cr\u00e8te.[\/vc_column_text][\/vc_tta_section][vc_tta_section title=\u00a0\u00bbQuand ont lieu l&rsquo;enregistrement \/ le d\u00e9part \u00e0 Porto Veneziano ?\u00a0\u00bb tab_id=\u00a0\u00bb1563518525438-00b0c362-bdba\u00a0\u00bb][vc_column_text]L&rsquo;enregistrement \u00e0 Porto Veneziano s&rsquo;effectue apr\u00e8s 15h00, tandis que le d\u00e9part s&rsquo;effectue avant 11h00. Contactez-nous pour vous donner plus d&rsquo;informations sur les heures d&rsquo;arriv\u00e9e et de d\u00e9part de notre h\u00f4tel.[\/vc_column_text][\/vc_tta_section][vc_tta_section title=\u00a0\u00bbQuelles plages valent une visite \u00e0 La Can\u00e9e ?\u00a0\u00bb tab_id=\u00a0\u00bb1563518551614-de1ee8fc-1a6f\u00a0\u00bb][vc_column_text]\u00c0 La Can\u00e9e se trouvent certaines des plages les plus c\u00e9l\u00e8bres et les plus belles de Cr\u00e8te ! Certaines sont organis\u00e9es et certaines ne le sont pas, mais toutes ont des eaux bleues claires. Elafonisi, Balos, Falasarna et tant d&rsquo;autres vous offriront des images et des exp\u00e9riences uniques.<\/p>\n<p><a href=\"https:\/\/portoveneziano.gr\/br\/beaches-chania-crete\/\">D\u00e9couvrez les plages que nous vous proposons \u00e0 La Can\u00e9e.<\/a>[\/vc_column_text][\/vc_tta_section][vc_tta_section title=\u00a0\u00bbQuelles activit\u00e9s me proposez-vous de faire \u00e0 La Can\u00e9e ?\u00a0\u00bb tab_id=\u00a0\u00bb1563518727647-cee22476-17ef\u00a0\u00bb][vc_column_text]La Can\u00e9e est l&rsquo;une des destinations les plus belles et les plus int\u00e9ressantes de Gr\u00e8ce. Visitez la vieille ville, essayez la cuisine locale, profitez de la riche vie nocturne. Et bien s\u00fbr, profitez de sa riche richesse naturelle ! Les c\u00e9l\u00e8bres gorges de La Can\u00e9e vous couperont le souffle !<\/p>\n<p><a href=\"https:\/\/portoveneziano.gr\/fr\/experiences-chania-crete\/\">D\u00e9couvrez toutes les informations n\u00e9cessaires sur nos activit\u00e9s pr\u00e9f\u00e9r\u00e9es \u00e0 La Can\u00e9e. <\/a>[\/vc_column_text][\/vc_tta_section][vc_tta_section title=\u00a0\u00bbQuelles attractions dois-je visiter \u00e0 La Can\u00e9e ?\u00a0\u00bb tab_id=\u00a0\u00bb1563518778172-1282f6c8-1f48&Prime;][vc_column_text]La Can\u00e9e regorge de culture ! C&rsquo;est une ville avec une grande histoire qui vaut la peine d&rsquo;\u00eatre connue. Elle a de nombreux mus\u00e9es, \u00e9glises \/ monast\u00e8res et sites arch\u00e9ologiques \u00e0 visiter. Et, bien s\u00fbr, si vous avez du temps \u00e0 votre disposition, le reste de la Cr\u00e8te vous attend pour la d\u00e9couvrir. Chaque r\u00e9gion est merveilleuse \u00e0 sa mani\u00e8re.<\/p>\n<p><a href=\"https:\/\/portoveneziano.gr\/chania-crete\/\">La Can\u00e9e vous attend !<\/a>[\/vc_column_text][\/vc_tta_section][vc_tta_section title=\u00a0\u00bbPorto Veneziano convient-il pour mon voyage d&rsquo;affaires \u00e0 La Can\u00e9e ?\u00a0\u00bb tab_id=\u00a0\u00bb1576077589214-67a53044-38fc\u00a0\u00bb][vc_column_text]Porto Veneziano est id\u00e9al pour les voyageurs d&rsquo;affaires visitant La Can\u00e9e. A la r\u00e9ception vous trouverez diff\u00e9rents services disponibles adapt\u00e9s aux professionnels qui vous faciliteront pendant votre s\u00e9jour.<\/p>\n<p><a href=\"https:\/\/portoveneziano.gr\/gr\/services-chania-crete\/\">Voir ici toutes nos prestations.<\/a>[\/vc_column_text][\/vc_tta_section][\/vc_tta_accordion][\/vc_column][\/vc_row][vc_row][vc_column][vc_empty_space][\/vc_column][\/vc_row]<\/p>\n","protected":false},"excerpt":{"rendered":"<p>[vc_row][vc_column][vc_tta_accordion][vc_tta_section title=\u00a0\u00bbPourquoi choisir l&rsquo;h\u00f4tel Porto Veneziano pour mon s\u00e9jour \u00e0 La Can\u00e9e ?\u00a0\u00bb tab_id=\u00a0\u00bb1563517970136-343bfcfb-fdea\u00a0\u00bb][vc_column_text]L&rsquo;h\u00f4tel Porto Veneziano est le choix id\u00e9al pour des vacances \u00e0 La Can\u00e9e. Il est situ\u00e9 dans le vieux port v\u00e9nitien de la ville, offrant aux clients une vue magnifique. Il se compose de 51 chambres et 6 suites. L&rsquo;h\u00f4tel propose un&#8230;<\/p>\n","protected":false},"author":17,"featured_media":3973,"parent":0,"menu_order":0,"comment_status":"closed","ping_status":"closed","template":"","meta":{"_uag_custom_page_level_css":"","footnotes":""},"class_list":["post-3972","page","type-page","status-publish","has-post-thumbnail","hentry"],"uagb_featured_image_src":{"full":["https:\/\/portoveneziano.gr\/wp-content\/uploads\/2019\/12\/DETAILS_3.jpg",1920,1347,false],"thumbnail":["https:\/\/portoveneziano.gr\/wp-content\/uploads\/2019\/12\/DETAILS_3-150x150.jpg",150,150,true],"medium":["https:\/\/portoveneziano.gr\/wp-content\/uploads\/2019\/12\/DETAILS_3-300x210.jpg",300,210,true],"medium_large":["https:\/\/portoveneziano.gr\/wp-content\/uploads\/2019\/12\/DETAILS_3-768x539.jpg",768,539,true],"large":["https:\/\/portoveneziano.gr\/wp-content\/uploads\/2019\/12\/DETAILS_3-1024x718.jpg",1024,718,true],"1536x1536":["https:\/\/portoveneziano.gr\/wp-content\/uploads\/2019\/12\/DETAILS_3.jpg",1536,1078,false],"2048x2048":["https:\/\/portoveneziano.gr\/wp-content\/uploads\/2019\/12\/DETAILS_3.jpg",1920,1347,false],"post-thumbnail":["https:\/\/portoveneziano.gr\/wp-content\/uploads\/2019\/12\/DETAILS_3-825x510.jpg",825,510,true],"room-gallery":["https:\/\/portoveneziano.gr\/wp-content\/uploads\/2019\/12\/DETAILS_3-480x320.jpg",480,320,true],"post-preview":["https:\/\/portoveneziano.gr\/wp-content\/uploads\/2019\/12\/DETAILS_3-960x750.jpg",960,750,true],"slider-wel":["https:\/\/portoveneziano.gr\/wp-content\/uploads\/2019\/12\/DETAILS_3-530x790.jpg",530,790,true],"bg-wel":["https:\/\/portoveneziano.gr\/wp-content\/uploads\/2019\/12\/DETAILS_3-880x1100.jpg",880,1100,true],"slider-sec-2":["https:\/\/portoveneziano.gr\/wp-content\/uploads\/2019\/12\/DETAILS_3-880x585.jpg",880,585,true],"gform-image-choice-sm":["https:\/\/portoveneziano.gr\/wp-content\/uploads\/2019\/12\/DETAILS_3.jpg",300,210,false],"gform-image-choice-md":["https:\/\/portoveneziano.gr\/wp-content\/uploads\/2019\/12\/DETAILS_3.jpg",400,281,false],"gform-image-choice-lg":["https:\/\/portoveneziano.gr\/wp-content\/uploads\/2019\/12\/DETAILS_3.jpg",600,421,false]},"uagb_author_info":{"display_name":"Porto Veneziano Hotel","author_link":"https:\/\/portoveneziano.gr\/fr\/author\/g-koutsopoulosabouthotelier-com\/"},"uagb_comment_info":0,"uagb_excerpt":"[vc_row][vc_column][vc_tta_accordion][vc_tta_section title=\u00a0\u00bbPourquoi choisir l&rsquo;h\u00f4tel Porto Veneziano pour mon s\u00e9jour \u00e0 La Can\u00e9e ?\u00a0\u00bb tab_id=\u00a0\u00bb1563517970136-343bfcfb-fdea\u00a0\u00bb][vc_column_text]L&rsquo;h\u00f4tel Porto Veneziano est le choix id\u00e9al pour des vacances \u00e0 La Can\u00e9e. Il est situ\u00e9 dans le vieux port v\u00e9nitien de la ville, offrant aux clients une vue magnifique. Il se compose de 51 chambres et 6 suites. L&rsquo;h\u00f4tel propose un...","_links":{"self":[{"href":"https:\/\/portoveneziano.gr\/fr\/wp-json\/wp\/v2\/pages\/3972"}],"collection":[{"href":"https:\/\/portoveneziano.gr\/fr\/wp-json\/wp\/v2\/pages"}],"about":[{"href":"https:\/\/portoveneziano.gr\/fr\/wp-json\/wp\/v2\/types\/page"}],"author":[{"embeddable":true,"href":"https:\/\/portoveneziano.gr\/fr\/wp-json\/wp\/v2\/users\/17"}],"replies":[{"embeddable":true,"href":"https:\/\/portoveneziano.gr\/fr\/wp-json\/wp\/v2\/comments?post=3972"}],"version-history":[{"count":3,"href":"https:\/\/portoveneziano.gr\/fr\/wp-json\/wp\/v2\/pages\/3972\/revisions"}],"predecessor-version":[{"id":5180,"href":"https:\/\/portoveneziano.gr\/fr\/wp-json\/wp\/v2\/pages\/3972\/revisions\/5180"}],"wp:featuredmedia":[{"embeddable":true,"href":"https:\/\/portoveneziano.gr\/fr\/wp-json\/wp\/v2\/media\/3973"}],"wp:attachment":[{"href":"https:\/\/portoveneziano.gr\/fr\/wp-json\/wp\/v2\/media?parent=3972"}],"curies":[{"name":"wp","href":"https:\/\/api.w.org\/{rel}","templated":true}]}}