{"id":3802,"date":"2020-05-11T13:37:25","date_gmt":"2020-05-11T11:37:25","guid":{"rendered":"https:\/\/portoveneziano.gr\/covid-19-information-update\/"},"modified":"2021-06-26T08:42:22","modified_gmt":"2021-06-26T06:42:22","slug":"covid-19-information-update","status":"publish","type":"page","link":"https:\/\/portoveneziano.gr\/fr\/covid-19-information-update\/","title":{"rendered":"COVID-19 MISE \u00c0 JOUR"},"content":{"rendered":"<p>[vc_row][vc_column][vc_single_image image=\u00a0\u00bb3808&Prime; img_size=\u00a0\u00bb600&#215;369&Prime; alignment=\u00a0\u00bbcenter\u00a0\u00bb onclick=\u00a0\u00bbcustom_link\u00a0\u00bb img_link_target=\u00a0\u00bb_blank\u00a0\u00bb link=\u00a0\u00bbhttp:\/\/www.mintour.gov.gr\/PressRoom\/News\/health-protocols-for-tourism-businesses\u00a0\u00bb][\/vc_column][\/vc_row][vc_row][vc_column][vc_column_text]Chers visiteurs,<\/p>\n<p>L&rsquo;h\u00f4tel Porto Veneziano et notre \u00e9quipe sont pr\u00eats \u00e0 vous accueillir dans la belle La Can\u00e9e, en observant tous les nouveaux protocoles de sant\u00e9 et de s\u00e9curit\u00e9, mais toujours avec l&rsquo;hospitalit\u00e9 famili\u00e8re qui nous distingue !<\/p>\n<p>&nbsp;<\/p>\n<p><strong>Nous tenons \u00e0 vous informer que par d\u00e9cision du gouvernement grec, <\/strong><strong>l&rsquo;utilisation d&rsquo;un masque est obligatoire dans tous les espaces int\u00e9rieurs.<\/strong><\/p>\n<p>&nbsp;<\/p>\n<p><strong>Informations sur votre s\u00e9jour<\/strong><\/p>\n<p>Nous garantissons toujours \u00e0 nos clients des normes de sant\u00e9 et de s\u00e9curit\u00e9 d&rsquo;excellente qualit\u00e9 et nous travaillons selon les instructions du gouvernement, de l&rsquo;Union europ\u00e9enne, mais aussi de l&rsquo;Organisation nationale de la sant\u00e9 publique afin de :<\/p>\n<p>\u2022 Vous accueillir dans un environnement s\u00e9curis\u00e9 avec de nouvelles proc\u00e9dures sans contact \u00e0 l&rsquo;arriv\u00e9e (check in), ainsi qu&rsquo;\u00e0 votre d\u00e9part (check out).<\/p>\n<p>\u2022 Nous nous occupons de la propret\u00e9 et de la d\u00e9sinfection des chambres et des espaces communs selon le protocole officiel d&rsquo;hygi\u00e8ne des h\u00f4tels, tr\u00e8s m\u00e9ticuleusement.<\/p>\n<p>\u2022 Notre personnel est form\u00e9 et certifi\u00e9 pour utiliser son \u00e9quipement de protection, pour manipuler correctement les outils et mat\u00e9riaux approuv\u00e9s, pour appliquer des proc\u00e9dures et protocoles de nettoyage \u2013 d\u00e9sinfection et gestion des espaces d&rsquo;accueil, des salles \u00e0 manger et bien s\u00fbr des chambres et suites.<\/p>\n<p>\u2022 Nous avons fa\u00e7onn\u00e9 notre restaurant et notre Caf\u00e9-Bar de fa\u00e7on \u00e0 r\u00e9pondre aux distances n\u00e9cessaires et impos\u00e9es par les nouvelles r\u00e8gles.<\/p>\n<p>\u2022 Nous veillons \u00e0 maintenir des distances sociales pour notre personnel et nous recommandons la m\u00eame chose pour nos clients.<\/p>\n<p>\u2022 Nous fournissons des d\u00e9sinfectants pour les mains dans toutes les zones critiques de l&rsquo;h\u00f4tel.<\/p>\n<p>\u2022 Nous recommandons que l&rsquo;ascenseur soit utilis\u00e9 par une personne \u00e0 la fois ou, s&rsquo;il y a plusieurs personnes, qu&rsquo;elles vivent dans la m\u00eame chambre.<\/p>\n<p>\u2022 \u00c0 votre arriv\u00e9e, nous vous informerons de notre <strong><a href=\"https:\/\/portoveneziano.gr\/el\/menu-breakfast-el\/\" target=\"_blank\" rel=\"noopener noreferrer\">menu petit-d\u00e9jeuner<\/a><\/strong>, qui est maintenant servi sur demande (\u00e0 la carte), sans manquer aucun de vos plats cr\u00e9tois faits \u00e0 la main pr\u00e9f\u00e9r\u00e9s, que vous savouriez jusqu&rsquo;\u00e0 pr\u00e9sent dans notre riche buffet. Nous maintenons la certification de la marque \u00ab Petit-d\u00e9jeuner grec \u00bb et nous appliquons toutes les r\u00e8gles de gestion de l&rsquo;hygi\u00e8ne et de la s\u00e9curit\u00e9 alimentaire conform\u00e9ment \u00e0 la norme ISO 22000:2018 (HACCP).<\/p>\n<p>\u2022 Notre h\u00f4tel a maintenant la possibilit\u00e9 de fournir le d\u00e9jeuner et le d\u00eener. <strong><a href=\"https:\/\/portoveneziano.gr\/el\/menu-alacarte\/\" target=\"_blank\" rel=\"noopener noreferrer\">Notre nouvelle carte <\/a><\/strong> comprend des salades, des collations, des plats principaux et des desserts que vous pouvez d\u00e9guster au restaurant, au Caf\u00e9-Bar ou dans votre chambre, de 14h00 \u00e0 22h30.<\/p>\n<p>\u2022 Pour des raisons de pr\u00e9caution de sant\u00e9 et de s\u00e9curit\u00e9 dans l&rsquo;h\u00f4tel, nous n&rsquo;autorisons plus la consommation de nourriture (livraison) ou d&rsquo;autres services de fournisseurs externes, ainsi que les visites de chambres par des non-r\u00e9sidents.<\/p>\n<p>\u2022 Notre politique d&rsquo;h\u00f4tel \u00e9tait de fournir un nettoyage quotidien des chambres. La nouvelle r\u00e9glementation impose \u00ab un nettoyage occasionnel des chambres pendant le s\u00e9jour [\u2026] uniquement \u00e0 la demande du client \u00bb. Veuillez informer la r\u00e9ception \u00e0 votre arriv\u00e9e de la fr\u00e9quence de nettoyage souhait\u00e9e.<\/p>\n<p>\u2022 L&rsquo;enregistrement s&rsquo;effectue \u00e0 <strong>15h00<\/strong> et le d\u00e9part \u00e0 <strong>11h00<\/strong>.<\/p>\n<p>\u2022 Le d\u00e9part apr\u00e8s 11h00 et jusqu&rsquo;\u00e0 18h00, se fait uniquement apr\u00e8s consultation de la r\u00e9ception, d\u00e9pendant de la disponibilit\u00e9 et est factur\u00e9 \u00e0 50% de la valeur d&rsquo;une nuit.<\/p>\n<p>\u2022 Toutes nos chambres et les espaces communs int\u00e9rieurs sont non-fumeurs. Fumer n&rsquo;est autoris\u00e9 que sur le balcon de la chambre et dans les parties communes \u00e0 l&rsquo;ext\u00e9rieur.<\/p>\n<p>\u2022 Vous pouvez garer votre voiture gratuitement dans notre parking libre-service (8 places) ou payant dans le parking municipal (100 places) tout pr\u00e8s de l&rsquo;h\u00f4tel.<\/p>\n<p>\u2022 Les animaux domestiques ne sont pas admis dans notre h\u00f4tel.<\/p>\n<p>&nbsp;<\/p>\n<p><strong>Politique de r\u00e9servation flexible<\/strong><\/p>\n<p>Dans ce contexte, nous tenons \u00e0 vous remercier pour votre pr\u00e9f\u00e9rence \u00e0 Porto Veneziano et \u00e0 vous informer que pour les nouvelles r\u00e9servations que vous souhaitez effectuer directement avec nous, vous pouvez annuler sans charge jusqu&rsquo;\u00e0 48 heures avant votre arriv\u00e9e.<strong> <a href=\"https:\/\/portoveneziano.reserve-online.net\/\" target=\"_blank\" rel=\"noopener noreferrer\">Cliquez ici <\/a><\/strong> ou appelez-nous au +30 28210 27100 ou envoyez-nous un e-mail \u00e0 <a href=\"mailto:hotel@portoveneziano.gr\" target=\"_blank\" rel=\"noopener noreferrer\"><strong>hotel@portoveneziano.gr<\/strong><\/a><\/p>\n<p>&nbsp;<\/p>\n<p><strong>Notre objectif<\/strong><\/p>\n<p>Notre objectif reste de fournir des services d&rsquo;excellente qualit\u00e9 m\u00eame avec le nouveau cadre d&rsquo;hygi\u00e8ne et de s\u00e9curit\u00e9 dans tous nos domaines d&rsquo;intervention, tel que d\u00e9fini maintenant par les organismes de sant\u00e9 publique comp\u00e9tents.<\/p>\n<p>Restez en s\u00e9curit\u00e9 en choisissant un h\u00e9bergement s\u00fbr !<\/p>\n<p>L\u2019administration et le personnel de Porto Veneziano ![\/vc_column_text][\/vc_column][\/vc_row]<\/p>\n","protected":false},"excerpt":{"rendered":"<p>[vc_row][vc_column][vc_single_image image=\u00a0\u00bb3808&Prime; img_size=\u00a0\u00bb600&#215;369&Prime; alignment=\u00a0\u00bbcenter\u00a0\u00bb onclick=\u00a0\u00bbcustom_link\u00a0\u00bb img_link_target=\u00a0\u00bb_blank\u00a0\u00bb link=\u00a0\u00bbhttp:\/\/www.mintour.gov.gr\/PressRoom\/News\/health-protocols-for-tourism-businesses\u00a0\u00bb][\/vc_column][\/vc_row][vc_row][vc_column][vc_column_text]Chers visiteurs, L&rsquo;h\u00f4tel Porto Veneziano et notre \u00e9quipe sont pr\u00eats \u00e0 vous accueillir dans la belle La Can\u00e9e, en observant tous les nouveaux protocoles de sant\u00e9 et de s\u00e9curit\u00e9, mais toujours avec l&rsquo;hospitalit\u00e9 famili\u00e8re qui nous distingue ! &nbsp; Nous tenons \u00e0 vous informer que par d\u00e9cision du gouvernement&#8230;<\/p>\n","protected":false},"author":17,"featured_media":3804,"parent":0,"menu_order":0,"comment_status":"closed","ping_status":"closed","template":"","meta":{"_uag_custom_page_level_css":"","footnotes":""},"class_list":["post-3802","page","type-page","status-publish","has-post-thumbnail","hentry"],"uagb_featured_image_src":{"full":["https:\/\/portoveneziano.gr\/wp-content\/uploads\/2020\/01\/VIEWS_1.jpg",1920,1441,false],"thumbnail":["https:\/\/portoveneziano.gr\/wp-content\/uploads\/2020\/01\/VIEWS_1-150x150.jpg",150,150,true],"medium":["https:\/\/portoveneziano.gr\/wp-content\/uploads\/2020\/01\/VIEWS_1-300x225.jpg",300,225,true],"medium_large":["https:\/\/portoveneziano.gr\/wp-content\/uploads\/2020\/01\/VIEWS_1-768x576.jpg",768,576,true],"large":["https:\/\/portoveneziano.gr\/wp-content\/uploads\/2020\/01\/VIEWS_1-1024x769.jpg",1024,769,true],"1536x1536":["https:\/\/portoveneziano.gr\/wp-content\/uploads\/2020\/01\/VIEWS_1.jpg",1536,1153,false],"2048x2048":["https:\/\/portoveneziano.gr\/wp-content\/uploads\/2020\/01\/VIEWS_1.jpg",1920,1441,false],"post-thumbnail":["https:\/\/portoveneziano.gr\/wp-content\/uploads\/2020\/01\/VIEWS_1-825x510.jpg",825,510,true],"room-gallery":["https:\/\/portoveneziano.gr\/wp-content\/uploads\/2020\/01\/VIEWS_1-480x320.jpg",480,320,true],"post-preview":["https:\/\/portoveneziano.gr\/wp-content\/uploads\/2020\/01\/VIEWS_1-960x750.jpg",960,750,true],"slider-wel":["https:\/\/portoveneziano.gr\/wp-content\/uploads\/2020\/01\/VIEWS_1-530x790.jpg",530,790,true],"bg-wel":["https:\/\/portoveneziano.gr\/wp-content\/uploads\/2020\/01\/VIEWS_1-880x1100.jpg",880,1100,true],"slider-sec-2":["https:\/\/portoveneziano.gr\/wp-content\/uploads\/2020\/01\/VIEWS_1-880x585.jpg",880,585,true],"gform-image-choice-sm":["https:\/\/portoveneziano.gr\/wp-content\/uploads\/2020\/01\/VIEWS_1.jpg",300,225,false],"gform-image-choice-md":["https:\/\/portoveneziano.gr\/wp-content\/uploads\/2020\/01\/VIEWS_1.jpg",400,300,false],"gform-image-choice-lg":["https:\/\/portoveneziano.gr\/wp-content\/uploads\/2020\/01\/VIEWS_1.jpg",600,450,false]},"uagb_author_info":{"display_name":"Porto Veneziano Hotel","author_link":"https:\/\/portoveneziano.gr\/fr\/author\/g-koutsopoulosabouthotelier-com\/"},"uagb_comment_info":0,"uagb_excerpt":"[vc_row][vc_column][vc_single_image image=\u00a0\u00bb3808&Prime; img_size=\u00a0\u00bb600&#215;369&Prime; alignment=\u00a0\u00bbcenter\u00a0\u00bb onclick=\u00a0\u00bbcustom_link\u00a0\u00bb img_link_target=\u00a0\u00bb_blank\u00a0\u00bb link=\u00a0\u00bbhttp:\/\/www.mintour.gov.gr\/PressRoom\/News\/health-protocols-for-tourism-businesses\u00a0\u00bb][\/vc_column][\/vc_row][vc_row][vc_column][vc_column_text]Chers visiteurs, L&rsquo;h\u00f4tel Porto Veneziano et notre \u00e9quipe sont pr\u00eats \u00e0 vous accueillir dans la belle La Can\u00e9e, en observant tous les nouveaux protocoles de sant\u00e9 et de s\u00e9curit\u00e9, mais toujours avec l&rsquo;hospitalit\u00e9 famili\u00e8re qui nous distingue ! &nbsp; Nous tenons \u00e0 vous informer que par d\u00e9cision du gouvernement...","_links":{"self":[{"href":"https:\/\/portoveneziano.gr\/fr\/wp-json\/wp\/v2\/pages\/3802"}],"collection":[{"href":"https:\/\/portoveneziano.gr\/fr\/wp-json\/wp\/v2\/pages"}],"about":[{"href":"https:\/\/portoveneziano.gr\/fr\/wp-json\/wp\/v2\/types\/page"}],"author":[{"embeddable":true,"href":"https:\/\/portoveneziano.gr\/fr\/wp-json\/wp\/v2\/users\/17"}],"replies":[{"embeddable":true,"href":"https:\/\/portoveneziano.gr\/fr\/wp-json\/wp\/v2\/comments?post=3802"}],"version-history":[{"count":8,"href":"https:\/\/portoveneziano.gr\/fr\/wp-json\/wp\/v2\/pages\/3802\/revisions"}],"predecessor-version":[{"id":6227,"href":"https:\/\/portoveneziano.gr\/fr\/wp-json\/wp\/v2\/pages\/3802\/revisions\/6227"}],"wp:featuredmedia":[{"embeddable":true,"href":"https:\/\/portoveneziano.gr\/fr\/wp-json\/wp\/v2\/media\/3804"}],"wp:attachment":[{"href":"https:\/\/portoveneziano.gr\/fr\/wp-json\/wp\/v2\/media?parent=3802"}],"curies":[{"name":"wp","href":"https:\/\/api.w.org\/{rel}","templated":true}]}}