{"id":3976,"date":"2019-07-19T08:47:26","date_gmt":"2019-07-19T06:47:26","guid":{"rendered":"https:\/\/portoveneziano.gr\/frequently-customer-questions-2\/"},"modified":"2021-04-09T14:46:24","modified_gmt":"2021-04-09T12:46:24","slug":"frequently-customer-questions-2","status":"publish","type":"page","link":"https:\/\/portoveneziano.gr\/de\/frequently-customer-questions-2\/","title":{"rendered":"H\u00c4UFIG GESTELLTE FRAGEN"},"content":{"rendered":"<p>[vc_row][vc_column][vc_tta_accordion][vc_tta_section title=&#8220;Warum sollten Reisende Porto Veneziano f\u00fcr ihren Aufenthalt in Chania w\u00e4hlen?&#8220; tab_id=&#8220;1563517970136-343bfcfb-fdea&#8220;][vc_column_text]Porto Veneziano Hotel ist die ideale Wahl f\u00fcr Ihren Urlaub in Chania. Es befindet sich am alten venezianischen Hafen und bietet den G\u00e4sten eine gro\u00dfartige Aussicht. Es verf\u00fcgt \u00fcber 51 Zimmer und 6 Suiten. Das Hotel bietet jeden Tag ein reichhaltiges traditionelles griechisches Fr\u00fchst\u00fcck nach kretischen Rezepten. Die Lage unseres Hotels erm\u00f6glicht den einfachen Zugang zu allen Sehensw\u00fcrdigkeiten und wichtigen Orten der Stadt.[\/vc_column_text][\/vc_tta_section][vc_tta_section title=&#8220;Gibt es Fr\u00fchst\u00fcck in Porto Veneziano?&#8220; tab_id=&#8220;1563517970160-d6c99580-92b6&#8243;][vc_column_text]Na sicher! Unser Fr\u00fchst\u00fcck ist mit der Zertifizierung \u201cgriechisches Fr\u00fchst\u00fcck\u201c zertifiziert und besteht aus einer gro\u00dfen Auswahl an s\u00fc\u00dfen und herzhaften Gerichten, S\u00e4ften und Fr\u00fcchten. Wir bereiten t\u00e4glich Gerichte der kretischen K\u00fcche zu mit reinen, lokalen Produkten.<\/p>\n<p><a href=\"https:\/\/portoveneziano.gr\/de\/breakfast-chania-crete\/\">Sehen Sie sich unser vollst\u00e4ndiges Fr\u00fchst\u00fccksmen\u00fc an.<\/a>[\/vc_column_text][\/vc_tta_section][vc_tta_section title=&#8220;Ist Porto Veneziano eine gute Wahl f\u00fcr einen romantischen Urlaub in Chania?&#8220; tab_id=&#8220;1563518344652-4bd5c33d-7bf6&#8243;][vc_column_text]Porto Veneziano ist die ideale Wahl f\u00fcr einen romantischen Urlaub in Chania. Unsere Suiten werden Ihren Bed\u00fcrfnissen sicher gerecht und unser Team k\u00fcmmert sich gerne um alle Details. Wenn Sie Ihre Flitterwochen in Chania verbringen, k\u00fcmmern wir uns auf Anfrage um die Dekoration Ihres Zimmers.<\/p>\n<p><a href=\"https:\/\/portoveneziano.gr\/de\/accommodation-chania-crete\/\">Sehen Sie sich alle unsere Zimmer und Suiten an und entscheiden Sie, welche am besten zu Ihnen passt.<\/a>[\/vc_column_text][\/vc_tta_section][vc_tta_section title=&#8220;Wie komme ich nach Chania?&#8220; tab_id=&#8220;1563518386510-b729193f-5c4a&#8220;][vc_column_text]Auch wenn Sie nicht bereits auf Kreta sind, erm\u00f6glichen der Hafen und der Flughafen, die einfache Anreise nach Chania. Die G\u00e4ste unseres Hotels, die bereits auf Kreta sind, k\u00f6nnen uns mit dem Auto oder mit dem Bus erreichen. Es gibt t\u00e4gliche Busverbindungen von und zu allen gro\u00dfen St\u00e4dten von Kreta.[\/vc_column_text][\/vc_tta_section][vc_tta_section title=&#8220;Wann ist Check-In \/ Check-Out Zeit in Porto Veneziano?&#8220; tab_id=&#8220;1563518525438-00b0c362-bdba&#8220;][vc_column_text]Die Check-in Zeit ist ab 15:00 Uhr und die Check-out Zeit bis 11:00 Uhr. Bitte kontaktieren Sie uns f\u00fcr weitere Informationen \u00fcber die Ankunft und Abfahrtszeiten in unserem Hotel.[\/vc_column_text][\/vc_tta_section][vc_tta_section title=&#8220;Welche Str\u00e4nde in Chania sind einen Besuch wert?&#8220; tab_id=&#8220;1563518551614-de1ee8fc-1a6f&#8220;][vc_column_text]In Chania befinden sich einige der ber\u00fchmtesten und sch\u00f6nsten Str\u00e4nde von Kreta. Einige von ihnen haben Sonnenliegen und Strandbars, andere sind nicht organisierte Str\u00e4nde, aber alle haben kristallklares Wasser. Elafonisi, Balos, Falassarna und viele weitere Str\u00e4nde bieten Ihnen einzigartige Aussichten und Erlebnisse.<\/p>\n<p><a href=\"https:\/\/portoveneziano.gr\/de\/beaches-chania-crete\/\">Sehen Sie sich die Str\u00e4nde in Chania an, die wir Ihnen empfehlen.<\/a>[\/vc_column_text][\/vc_tta_section][vc_tta_section title=&#8220;Welche Aktivit\u00e4ten empfehlen Sie in Chania?&#8220; tab_id=&#8220;1563518727647-cee22476-17ef&#8220;][vc_column_text]Chania ist eines der sch\u00f6nsten und interessantesten Reiseziele in Griechenland. Besuchen Sie die Altstadt, probieren Sie die lokale K\u00fcche und genie\u00dfen Sie das lebendige Nachtleben. Und nat\u00fcrlich genie\u00dfen Sie die Sch\u00f6nheit der Natur! Die ber\u00fchmten Canyons in Chania werden Sie sprachlos machen!<\/p>\n<p><a href=\"https:\/\/portoveneziano.gr\/de\/experiences-chania-crete\/\">Entdecken Sie alle wichtigen Informationen \u00fcber unsere Lieblingsaktivit\u00e4ten in Chania. <\/a>[\/vc_column_text][\/vc_tta_section][vc_tta_section title=&#8220;Welche Sehensw\u00fcrdigkeiten in Chania sind einen Besuch wert?&#8220; tab_id=&#8220;1563518778172-1282f6c8-1f48&#8243;][vc_column_text]Der Ort Chania hat eine lange Geschichte und eine gro\u00dfartige Kultur! Chania ist eine Stadt mit jahrhundertealter Geschichte, die es wert ist, erkundet zu werden. Es gibt viele Museen, Kirchen, Kl\u00f6ster und arch\u00e4ologische St\u00e4tten, die Sie besuchen sollten. Wenn Sie genug Zeit haben, k\u00f6nnen Sie nat\u00fcrlich auch das restliche Kreta entdecken. Jede Region ist auf ihre einzigartige Weise gro\u00dfartig.<\/p>\n<p><a href=\"https:\/\/portoveneziano.gr\/de\/chania-crete\/\">Die Stadt von Chania erwartet Sie!<\/a>[\/vc_column_text][\/vc_tta_section][vc_tta_section title=&#8220;Ist Porto Veneziano eine gute Wahl f\u00fcr Gesch\u00e4ftsreisen in Chania?&#8220; tab_id=&#8220;1576077589214-67a53044-38fc&#8220;][vc_column_text]Porto Veneziano ist ideal f\u00fcr Besucher, die in Chania auf Gesch\u00e4ftsreise sind. An der Rezeption finden Sie mehrere Dienstleistungen f\u00fcr Berufsreisende, die Sie w\u00e4hrend Ihres Aufenthalts unterst\u00fctzen.<\/p>\n<p><a href=\"https:\/\/portoveneziano.gr\/de\/services-chania-crete\/\">Sehen Sie sich alle unsere Dienstleistungen hier an.<\/a>[\/vc_column_text][\/vc_tta_section][\/vc_tta_accordion][\/vc_column][\/vc_row][vc_row][vc_column][vc_empty_space][\/vc_column][\/vc_row]<\/p>\n","protected":false},"excerpt":{"rendered":"<p>[vc_row][vc_column][vc_tta_accordion][vc_tta_section title=&#8220;Warum sollten Reisende Porto Veneziano f\u00fcr ihren Aufenthalt in Chania w\u00e4hlen?&#8220; tab_id=&#8220;1563517970136-343bfcfb-fdea&#8220;][vc_column_text]Porto Veneziano Hotel ist die ideale Wahl f\u00fcr Ihren Urlaub in Chania. Es befindet sich am alten venezianischen Hafen und bietet den G\u00e4sten eine gro\u00dfartige Aussicht. Es verf\u00fcgt \u00fcber 51 Zimmer und 6 Suiten. Das Hotel bietet jeden Tag ein reichhaltiges traditionelles griechisches&#8230;<\/p>\n","protected":false},"author":17,"featured_media":3975,"parent":0,"menu_order":0,"comment_status":"closed","ping_status":"closed","template":"","meta":{"_uag_custom_page_level_css":"","footnotes":""},"class_list":["post-3976","page","type-page","status-publish","has-post-thumbnail","hentry"],"uagb_featured_image_src":{"full":["https:\/\/portoveneziano.gr\/wp-content\/uploads\/2019\/12\/DETAILS_3.jpg",1920,1347,false],"thumbnail":["https:\/\/portoveneziano.gr\/wp-content\/uploads\/2019\/12\/DETAILS_3-150x150.jpg",150,150,true],"medium":["https:\/\/portoveneziano.gr\/wp-content\/uploads\/2019\/12\/DETAILS_3-300x210.jpg",300,210,true],"medium_large":["https:\/\/portoveneziano.gr\/wp-content\/uploads\/2019\/12\/DETAILS_3-768x539.jpg",768,539,true],"large":["https:\/\/portoveneziano.gr\/wp-content\/uploads\/2019\/12\/DETAILS_3-1024x718.jpg",1024,718,true],"1536x1536":["https:\/\/portoveneziano.gr\/wp-content\/uploads\/2019\/12\/DETAILS_3.jpg",1536,1078,false],"2048x2048":["https:\/\/portoveneziano.gr\/wp-content\/uploads\/2019\/12\/DETAILS_3.jpg",1920,1347,false],"post-thumbnail":["https:\/\/portoveneziano.gr\/wp-content\/uploads\/2019\/12\/DETAILS_3-825x510.jpg",825,510,true],"room-gallery":["https:\/\/portoveneziano.gr\/wp-content\/uploads\/2019\/12\/DETAILS_3-480x320.jpg",480,320,true],"post-preview":["https:\/\/portoveneziano.gr\/wp-content\/uploads\/2019\/12\/DETAILS_3-960x750.jpg",960,750,true],"slider-wel":["https:\/\/portoveneziano.gr\/wp-content\/uploads\/2019\/12\/DETAILS_3-530x790.jpg",530,790,true],"bg-wel":["https:\/\/portoveneziano.gr\/wp-content\/uploads\/2019\/12\/DETAILS_3-880x1100.jpg",880,1100,true],"slider-sec-2":["https:\/\/portoveneziano.gr\/wp-content\/uploads\/2019\/12\/DETAILS_3-880x585.jpg",880,585,true],"gform-image-choice-sm":["https:\/\/portoveneziano.gr\/wp-content\/uploads\/2019\/12\/DETAILS_3.jpg",300,210,false],"gform-image-choice-md":["https:\/\/portoveneziano.gr\/wp-content\/uploads\/2019\/12\/DETAILS_3.jpg",400,281,false],"gform-image-choice-lg":["https:\/\/portoveneziano.gr\/wp-content\/uploads\/2019\/12\/DETAILS_3.jpg",600,421,false]},"uagb_author_info":{"display_name":"Porto Veneziano Hotel","author_link":"https:\/\/portoveneziano.gr\/de\/author\/g-koutsopoulosabouthotelier-com\/"},"uagb_comment_info":0,"uagb_excerpt":"[vc_row][vc_column][vc_tta_accordion][vc_tta_section title=&#8220;Warum sollten Reisende Porto Veneziano f\u00fcr ihren Aufenthalt in Chania w\u00e4hlen?&#8220; tab_id=&#8220;1563517970136-343bfcfb-fdea&#8220;][vc_column_text]Porto Veneziano Hotel ist die ideale Wahl f\u00fcr Ihren Urlaub in Chania. Es befindet sich am alten venezianischen Hafen und bietet den G\u00e4sten eine gro\u00dfartige Aussicht. Es verf\u00fcgt \u00fcber 51 Zimmer und 6 Suiten. Das Hotel bietet jeden Tag ein reichhaltiges traditionelles griechisches...","_links":{"self":[{"href":"https:\/\/portoveneziano.gr\/de\/wp-json\/wp\/v2\/pages\/3976"}],"collection":[{"href":"https:\/\/portoveneziano.gr\/de\/wp-json\/wp\/v2\/pages"}],"about":[{"href":"https:\/\/portoveneziano.gr\/de\/wp-json\/wp\/v2\/types\/page"}],"author":[{"embeddable":true,"href":"https:\/\/portoveneziano.gr\/de\/wp-json\/wp\/v2\/users\/17"}],"replies":[{"embeddable":true,"href":"https:\/\/portoveneziano.gr\/de\/wp-json\/wp\/v2\/comments?post=3976"}],"version-history":[{"count":4,"href":"https:\/\/portoveneziano.gr\/de\/wp-json\/wp\/v2\/pages\/3976\/revisions"}],"predecessor-version":[{"id":4702,"href":"https:\/\/portoveneziano.gr\/de\/wp-json\/wp\/v2\/pages\/3976\/revisions\/4702"}],"wp:featuredmedia":[{"embeddable":true,"href":"https:\/\/portoveneziano.gr\/de\/wp-json\/wp\/v2\/media\/3975"}],"wp:attachment":[{"href":"https:\/\/portoveneziano.gr\/de\/wp-json\/wp\/v2\/media?parent=3976"}],"curies":[{"name":"wp","href":"https:\/\/api.w.org\/{rel}","templated":true}]}}